{"id":2,"date":"2019-06-06T20:07:55","date_gmt":"2019-06-06T20:07:55","guid":{"rendered":"https:\/\/monamielmenyfarm.kign.org\/?page_id=2"},"modified":"2019-06-16T09:20:17","modified_gmt":"2019-06-16T09:20:17","slug":"ez-egy-minta-oldal","status":"publish","type":"page","link":"https:\/\/monamielmenyfarm.hu\/?page_id=2","title":{"rendered":"Ez egy minta oldal"},"content":{"rendered":"\n<p>Ez egy mintaoldal. Az oldal k\u00fcl\u00f6nb\u00f6zik a bejegyz\u00e9st\u0151l annyiban, hogy az oldal egy \u00e1lland\u00f3 tartalm\u00fa bejegyz\u00e9s, ami &#8211; a legt\u00f6bb sablonn\u00e1l &#8211; a weboldal navig\u00e1ci\u00f3s r\u00e9sz\u00e9ben \u00e1lland\u00f3 helyen van.\nA legt\u00f6bb ember olyan Bemutatkoz\u00f3 oldallal kezd, amelyik bemutatja \u0151t, vagy a tev\u00e9kenys\u00e9g\u00e9t a weboldal l\u00e1togat\u00f3inak. A Bemutatkoz\u00e1s oldal valami ilyesmi lehet:<\/p>\n\n\n\n<blockquote class=\"wp-block-quote is-layout-flow wp-block-quote-is-layout-flow\"><p>Hell\u00f3 Olvas\u00f3k!<br>Nappal biciklis pizzafut\u00e1r vagy, \u00e9jszaka pedig egy t\u00f6rekv\u0151 sz\u00edn\u00e9sz-tanonc, ez pedig az \u00e9n weboldalam.<br>Budapesten \u00e9lek, \u00e9s van egy csod\u00e1latos n\u00e9met juh\u00e9sz kuty\u00e1m, aki Velorex n\u00e9vre hallgat. Kedvenc kokt\u00e9lom a Pi\u00f1a Colada, de a Mojitot is nagyon kedvelem (De, az\u00e9rt az igazi ned\u0171: egy b\u00e1rsonyos v\u00f6r\u00f6sbor.)<\/p><\/blockquote>\n\n\n\n<p>&#8230;vagy valami eg\u00e9szen m\u00e1s:<\/p>\n\n\n\n<blockquote class=\"wp-block-quote is-layout-flow wp-block-quote-is-layout-flow\"><p>A <strong><a href=\"https:\/\/nyiltweb.hu\" target=\"_blank\" rel=\"noopener noreferrer\">Ny\u00edlt Web Alap\u00edtv\u00e1ny<\/a><\/strong>t a <strong><a href=\"https:\/\/wphu.org\" target=\"_blank\" rel=\"noopener noreferrer\">WordPress Magyarorsz\u00e1g<\/a> K\u00f6z\u00f6ss\u00e9g<\/strong> hozta l\u00e9tre, hogy a magyarorsz\u00e1gi mikro-, kis- \u00e9s k\u00f6z\u00e9pv\u00e1llalkoz\u00e1sok, non-profit szervezetek, civil szervezetek, oktat\u00e1si \u00e9s kultur\u00e1lis int\u00e9zm\u00e9nyek internetes jelenl\u00e9t\u00e9t, megjelen\u00e9s\u00e9t t\u00e1mogassa \u00e9s felz\u00e1rk\u00f3ztassa a ny\u00edlt forr\u00e1s\u00fa internetes eszk\u00f6z\u00f6kkel.<br>Mindenkit szeretettel l\u00e1tnak, aki a kit\u0171z\u00f6tt c\u00e9lokkal egyet\u00e9rt, \u00e9s azokat t\u00e1mogatni k\u00edv\u00e1nja b\u00e1rmilyen m\u00f3don..<\/p><\/blockquote>\n\n\n\n<p>\u00daj WordPress felhaszn\u00e1l\u00f3k\u00e9nt a <a href=\"https:\/\/monamielmenyfarm.kign.org\/wp-admin\/\">Vez\u00e9rl\u0151pult<\/a> r\u00e9szre ugorva lehet t\u00f6r\u00f6lni ezt az oldalt, \u00e9s l\u00e9trehozni egy \u00faja oldalt a saj\u00e1t tartalmunk r\u00e9sz\u00e9re. J\u00f3 sz\u00f3rakoz\u00e1st!<\/p>\n","protected":false},"excerpt":{"rendered":"<p>Ez egy mintaoldal. Az oldal k\u00fcl\u00f6nb\u00f6zik a bejegyz\u00e9st\u0151l annyiban, hogy az oldal egy \u00e1lland\u00f3 tartalm\u00fa bejegyz\u00e9s, ami &#8211; a legt\u00f6bb sablonn\u00e1l &#8211; a weboldal navig\u00e1ci\u00f3s r\u00e9sz\u00e9ben \u00e1lland\u00f3 helyen van. A legt\u00f6bb ember olyan Bemutatkoz\u00f3 oldallal kezd, amelyik bemutatja \u0151t, vagy a tev\u00e9kenys\u00e9g\u00e9t a weboldal l\u00e1togat\u00f3inak. A Bemutatkoz\u00e1s oldal valami ilyesmi &hellip;<\/p>\n","protected":false},"author":1,"featured_media":0,"parent":0,"menu_order":0,"comment_status":"closed","ping_status":"open","template":"","meta":{"footnotes":""},"class_list":["post-2","page","type-page","status-publish","hentry"],"_links":{"self":[{"href":"https:\/\/monamielmenyfarm.hu\/index.php?rest_route=\/wp\/v2\/pages\/2","targetHints":{"allow":["GET"]}}],"collection":[{"href":"https:\/\/monamielmenyfarm.hu\/index.php?rest_route=\/wp\/v2\/pages"}],"about":[{"href":"https:\/\/monamielmenyfarm.hu\/index.php?rest_route=\/wp\/v2\/types\/page"}],"author":[{"embeddable":true,"href":"https:\/\/monamielmenyfarm.hu\/index.php?rest_route=\/wp\/v2\/users\/1"}],"replies":[{"embeddable":true,"href":"https:\/\/monamielmenyfarm.hu\/index.php?rest_route=%2Fwp%2Fv2%2Fcomments&post=2"}],"version-history":[{"count":1,"href":"https:\/\/monamielmenyfarm.hu\/index.php?rest_route=\/wp\/v2\/pages\/2\/revisions"}],"predecessor-version":[{"id":17,"href":"https:\/\/monamielmenyfarm.hu\/index.php?rest_route=\/wp\/v2\/pages\/2\/revisions\/17"}],"wp:attachment":[{"href":"https:\/\/monamielmenyfarm.hu\/index.php?rest_route=%2Fwp%2Fv2%2Fmedia&parent=2"}],"curies":[{"name":"wp","href":"https:\/\/api.w.org\/{rel}","templated":true}]}}